{"id":102,"date":"2020-05-04T17:45:54","date_gmt":"2020-05-04T15:45:54","guid":{"rendered":"https:\/\/yunohost.romainbaret.com\/blog\/marthe\/?page_id=102"},"modified":"2020-05-04T17:45:54","modified_gmt":"2020-05-04T15:45:54","slug":"diaphonie","status":"publish","type":"page","link":"https:\/\/martheofficial.com\/?page_id=102","title":{"rendered":"Diaphonie"},"content":{"rendered":"\n<h2 class=\"wp-block-heading\"><strong>1er album<\/strong><\/h2>\n\n\n\n<figure class=\"alignleft\"><iframe style=\"border: 0; width: 350px; height: 786px;\" src=\"https:\/\/bandcamp.com\/EmbeddedPlayer\/album=2017337009\/size=large\/bgcol=ffffff\/linkcol=0687f5\/transparent=true\/\" seamless=\"\"><a href=\"https:\/\/loreilleenfriche.bandcamp.com\/album\/diaphonie\">Diaphonie by Marthe<\/a><\/iframe><\/figure>\n\n\n\n<p>L\u2019album Diaphonie sorti le 21 septembre 2018 sur Inou\u00efe distribution avec en invit\u00e9 sp\u00e9cial Thomas de Pourquery (victoire du jazz 2017) Mike Ladd (laur\u00e9at acad\u00e9mie Charles-Cros 2017) et Geoffrey Grang\u00e9.<br>Album produit par l\u2019Oreille en friche.<\/p>\n\n\n\n<p class=\"has-text-align-right\"><em><strong>Florent Briqu\u00e9<\/strong> : trompette, buggle<br><strong>Alexis Moutzouris<\/strong> : sax alto, clarinette<br><strong>Lucas Territo<\/strong> : basse \u00e9lectrique<br><strong>Damien Bernard<\/strong> : batterie<\/em><\/p>\n\n\n\n<p class=\"has-text-align-right\"><em><strong>Mike Ladd<\/strong> : rap (4)<br><strong>Thomas de Pourquery<\/strong> : chant (5)<br><strong>Geoffrey Grang\u00e9<\/strong> : chant (9)<\/em><\/p>\n\n\n\n<div style=\"text-align:center;\">\n<a href=\"https:\/\/www.deezer.com\/fr\/album\/69581672\" target=\"_blank\" rel=\"noopener noreferrer\">\n<img decoding=\"async\" src=\"..\/wp-content\/uploads\/sites\/8\/2020\/05\/Logo_deezer-1.png\" alt=\"\" style=\"max-height:55px;margin:5px;\">\n<\/a>\n\n<a href=\"https:\/\/open.spotify.com\/album\/2WhtAYgfRyrHHfjsFmWQUP\" target=\"_blank\" rel=\"noopener noreferrer\">\n<img decoding=\"async\" src=\"..\/wp-content\/uploads\/sites\/8\/2020\/05\/Logo_spotify-1.png\" alt=\"\" style=\"max-height:55px;margin:5px;\">\n<\/a>\n\n<a href=\"https:\/\/www.qobuz.com\/fr-fr\/album\/diaphonie-marthe\/c8las902ntbmb\" target=\"_blank\" rel=\"noopener noreferrer\">\n<img decoding=\"async\" src=\"..\/wp-content\/uploads\/sites\/8\/2020\/05\/Logo_qobuz-1.png\" alt=\"\" style=\"max-height:55px;margin:5px;\">\n<\/a>\n\n<a href=\"https:\/\/music.apple.com\/fr\/album\/diaphonie\/1419972632\" target=\"_blank\" rel=\"noopener noreferrer\">\n<img decoding=\"async\" src=\"..\/wp-content\/uploads\/sites\/8\/2020\/05\/Logo_apple-1.png\" alt=\"\" style=\"max-height:55px;margin:5px;\">\n<\/a>\n<\/div>\n","protected":false},"excerpt":{"rendered":"<p>1er album Diaphonie by Marthe L\u2019album Diaphonie sorti le 21 septembre 2018 sur Inou\u00efe distribution avec en invit\u00e9 sp\u00e9cial Thomas de Pourquery (victoire du jazz 2017) Mike Ladd (laur\u00e9at acad\u00e9mie Charles-Cros 2017) et Geoffrey Grang\u00e9.Album produit par l\u2019Oreille en friche. Florent Briqu\u00e9 : trompette, buggleAlexis Moutzouris : sax alto, clarinetteLucas Territo : basse \u00e9lectriqueDamien Bernard [&hellip;]<\/p>\n","protected":false},"author":2,"featured_media":0,"parent":0,"menu_order":0,"comment_status":"closed","ping_status":"closed","template":"","meta":{"ocean_post_layout":"","ocean_both_sidebars_style":"","ocean_both_sidebars_content_width":0,"ocean_both_sidebars_sidebars_width":0,"ocean_sidebar":"0","ocean_second_sidebar":"0","ocean_disable_margins":"enable","ocean_add_body_class":"","ocean_shortcode_before_top_bar":"","ocean_shortcode_after_top_bar":"","ocean_shortcode_before_header":"","ocean_shortcode_after_header":"","ocean_has_shortcode":"","ocean_shortcode_after_title":"","ocean_shortcode_before_footer_widgets":"","ocean_shortcode_after_footer_widgets":"","ocean_shortcode_before_footer_bottom":"","ocean_shortcode_after_footer_bottom":"","ocean_display_top_bar":"default","ocean_display_header":"default","ocean_header_style":"","ocean_center_header_left_menu":"0","ocean_custom_header_template":"0","ocean_custom_logo":0,"ocean_custom_retina_logo":0,"ocean_custom_logo_max_width":0,"ocean_custom_logo_tablet_max_width":0,"ocean_custom_logo_mobile_max_width":0,"ocean_custom_logo_max_height":0,"ocean_custom_logo_tablet_max_height":0,"ocean_custom_logo_mobile_max_height":0,"ocean_header_custom_menu":"0","ocean_menu_typo_font_family":"0","ocean_menu_typo_font_subset":"","ocean_menu_typo_font_size":0,"ocean_menu_typo_font_size_tablet":0,"ocean_menu_typo_font_size_mobile":0,"ocean_menu_typo_font_size_unit":"px","ocean_menu_typo_font_weight":"","ocean_menu_typo_font_weight_tablet":"","ocean_menu_typo_font_weight_mobile":"","ocean_menu_typo_transform":"","ocean_menu_typo_transform_tablet":"","ocean_menu_typo_transform_mobile":"","ocean_menu_typo_line_height":0,"ocean_menu_typo_line_height_tablet":0,"ocean_menu_typo_line_height_mobile":0,"ocean_menu_typo_line_height_unit":"","ocean_menu_typo_spacing":0,"ocean_menu_typo_spacing_tablet":0,"ocean_menu_typo_spacing_mobile":0,"ocean_menu_typo_spacing_unit":"","ocean_menu_link_color":"","ocean_menu_link_color_hover":"","ocean_menu_link_color_active":"","ocean_menu_link_background":"","ocean_menu_link_hover_background":"","ocean_menu_link_active_background":"","ocean_menu_social_links_bg":"","ocean_menu_social_hover_links_bg":"","ocean_menu_social_links_color":"","ocean_menu_social_hover_links_color":"","ocean_disable_title":"default","ocean_disable_heading":"default","ocean_post_title":"","ocean_post_subheading":"","ocean_post_title_style":"","ocean_post_title_background_color":"","ocean_post_title_background":0,"ocean_post_title_bg_image_position":"","ocean_post_title_bg_image_attachment":"","ocean_post_title_bg_image_repeat":"","ocean_post_title_bg_image_size":"","ocean_post_title_height":0,"ocean_post_title_bg_overlay":0.5,"ocean_post_title_bg_overlay_color":"","ocean_disable_breadcrumbs":"default","ocean_breadcrumbs_color":"","ocean_breadcrumbs_separator_color":"","ocean_breadcrumbs_links_color":"","ocean_breadcrumbs_links_hover_color":"","ocean_display_footer_widgets":"default","ocean_display_footer_bottom":"default","ocean_custom_footer_template":"0","_themeisle_gutenberg_block_has_review":false,"footnotes":""},"class_list":["post-102","page","type-page","status-publish","hentry","entry"],"_links":{"self":[{"href":"https:\/\/martheofficial.com\/index.php?rest_route=\/wp\/v2\/pages\/102","targetHints":{"allow":["GET"]}}],"collection":[{"href":"https:\/\/martheofficial.com\/index.php?rest_route=\/wp\/v2\/pages"}],"about":[{"href":"https:\/\/martheofficial.com\/index.php?rest_route=\/wp\/v2\/types\/page"}],"author":[{"embeddable":true,"href":"https:\/\/martheofficial.com\/index.php?rest_route=\/wp\/v2\/users\/2"}],"replies":[{"embeddable":true,"href":"https:\/\/martheofficial.com\/index.php?rest_route=%2Fwp%2Fv2%2Fcomments&post=102"}],"version-history":[{"count":0,"href":"https:\/\/martheofficial.com\/index.php?rest_route=\/wp\/v2\/pages\/102\/revisions"}],"wp:attachment":[{"href":"https:\/\/martheofficial.com\/index.php?rest_route=%2Fwp%2Fv2%2Fmedia&parent=102"}],"curies":[{"name":"wp","href":"https:\/\/api.w.org\/{rel}","templated":true}]}}