{"id":100,"date":"2020-05-04T17:45:54","date_gmt":"2020-05-04T15:45:54","guid":{"rendered":"https:\/\/yunohost.romainbaret.com\/blog\/marthe\/?page_id=100"},"modified":"2020-05-04T17:45:54","modified_gmt":"2020-05-04T15:45:54","slug":"liturgie-profane","status":"publish","type":"page","link":"https:\/\/martheofficial.com\/?page_id=100","title":{"rendered":"Liturgie Profane"},"content":{"rendered":"\t\t<div data-elementor-type=\"wp-page\" data-elementor-id=\"100\" class=\"elementor elementor-100\">\n\t\t\t\t\t\t<section class=\"elementor-section elementor-top-section elementor-element elementor-element-c0caab5 elementor-section-boxed elementor-section-height-default elementor-section-height-default\" data-id=\"c0caab5\" data-element_type=\"section\" data-e-type=\"section\">\n\t\t\t\t\t\t<div class=\"elementor-container elementor-column-gap-default\">\n\t\t\t\t\t<div class=\"elementor-column elementor-col-100 elementor-top-column elementor-element elementor-element-9fb5eaa\" data-id=\"9fb5eaa\" data-element_type=\"column\" data-e-type=\"column\">\n\t\t\t<div class=\"elementor-widget-wrap elementor-element-populated\">\n\t\t\t\t\t\t<div class=\"elementor-element elementor-element-437587d elementor-widget elementor-widget-heading\" data-id=\"437587d\" data-element_type=\"widget\" data-e-type=\"widget\" data-widget_type=\"heading.default\">\n\t\t\t\t<div class=\"elementor-widget-container\">\n\t\t\t\t\t<h1 class=\"elementor-heading-title elementor-size-default\">LITURGIE PROFANE - LES VOIX DE L'OURAL<\/h1>\t\t\t\t<\/div>\n\t\t\t\t<\/div>\n\t\t\t\t\t<\/div>\n\t\t<\/div>\n\t\t\t\t\t<\/div>\n\t\t<\/section>\n\t\t\t\t<section class=\"elementor-section elementor-top-section elementor-element elementor-element-2b52f5b6 elementor-section-boxed elementor-section-height-default elementor-section-height-default\" data-id=\"2b52f5b6\" data-element_type=\"section\" data-e-type=\"section\">\n\t\t\t\t\t\t<div class=\"elementor-container elementor-column-gap-default\">\n\t\t\t\t\t<div class=\"elementor-column elementor-col-100 elementor-top-column elementor-element elementor-element-29d1d185\" data-id=\"29d1d185\" data-element_type=\"column\" data-e-type=\"column\">\n\t\t\t<div class=\"elementor-widget-wrap elementor-element-populated\">\n\t\t\t\t\t\t<div class=\"elementor-element elementor-element-abd149a elementor-widget elementor-widget-image\" data-id=\"abd149a\" data-element_type=\"widget\" data-e-type=\"widget\" data-widget_type=\"image.default\">\n\t\t\t\t<div class=\"elementor-widget-container\">\n\t\t\t\t\t\t\t\t\t\t\t\t\t\t\t<img decoding=\"async\" src=\"https:\/\/martheofficial.com\/wp-content\/uploads\/sites\/8\/2021\/11\/Marthe_Liturgie_Profane_web_paul.bourdrel-15.jpg\" title=\"\" alt=\"\" loading=\"lazy\" \/>\t\t\t\t\t\t\t\t\t\t\t\t\t\t\t<\/div>\n\t\t\t\t<\/div>\n\t\t\t\t<div class=\"elementor-element elementor-element-1481966f elementor-widget elementor-widget-text-editor\" data-id=\"1481966f\" data-element_type=\"widget\" data-e-type=\"widget\" data-widget_type=\"text-editor.default\">\n\t\t\t\t<div class=\"elementor-widget-container\">\n\t\t\t\t\t\t\t\t\t<p><em>\u00ab\u00a0Nous avons confront\u00e9 notre musique planante \u00e0 l\u2019\u00e9nergie rock, compos\u00e9e de m\u00e9lodies orientales, de rythmiques impaires \u00e0 ces voix qui chantent la vie et les saisons. La cr\u00e9ation qui nous associe au trio Verbnoe Voskresenie et \u00e0 Thomas Brosset s&rsquo;est d\u00e9roul\u00e9e pour le festival des D\u00e9tours de Babel en octobre 2021. Il en r\u00e9sulte un spectacle \u00e0 la fois sonore et visuel, un concert dessin\u00e9 onirique pour une confrontation des cultures : Liturgie profane.<\/em>\u00a0\u00bb<\/p>\n<h2><em>Distribution :<\/em><\/h2>\n<p><strong>Olga Irisova :<\/strong>\u00a0Voix et percussions<br \/><strong>Nadezhda Prokopenko :<\/strong> Voix et percussions<br \/><strong>Mariia Khanykova :<\/strong> Voix et percussions<\/p>\n<p><strong>Florent Briqu\u00e9<\/strong> \u2013 Trompette, Bugle<br \/><strong>Alexis Moutzouris<\/strong> \u2013 Saxophone, Clarinet<br \/><strong>Lucas Territo<\/strong> \u2013 Basse<br \/><strong>Damien Bernard<\/strong> \u2013 Batterie<br \/><br \/>Illustrations : <strong>Thomas Brosset<\/strong><\/p>\n<p><em>Une coproduction l\u2019Oreille en Friche \/ CIMN \u2013 D\u00e9tours de Babel<\/em><\/p>\n<h2><em>Dates :<\/em><\/h2>\n<p>28\/09\/2021 au 01\/10\/21 r\u00e9sidence de cr\u00e9ation<br \/>02\/10\/2021 Th\u00e9\u00e2tre St Marie d&rsquo;en Bas &#8211; les D\u00e9tours de Babel (Grenoble)<br \/>06\/10\/2021 le P\u00e9riscope (Lyon)<\/p>\t\t\t\t\t\t\t\t<\/div>\n\t\t\t\t<\/div>\n\t\t\t\t<div class=\"elementor-element elementor-element-1a73c4a elementor-align-center elementor-widget elementor-widget-button\" data-id=\"1a73c4a\" data-element_type=\"widget\" data-e-type=\"widget\" data-widget_type=\"button.default\">\n\t\t\t\t<div class=\"elementor-widget-container\">\n\t\t\t\t\t\t\t\t\t<div class=\"elementor-button-wrapper\">\n\t\t\t\t\t<a class=\"elementor-button elementor-button-link elementor-size-sm\" href=\"https:\/\/bfan.link\/liturgie-profane\">\n\t\t\t\t\t\t<span class=\"elementor-button-content-wrapper\">\n\t\t\t\t\t\t\t\t\t<span class=\"elementor-button-text\">Ecoutez l'album : Liturgie Profane<\/span>\n\t\t\t\t\t<\/span>\n\t\t\t\t\t<\/a>\n\t\t\t\t<\/div>\n\t\t\t\t\t\t\t\t<\/div>\n\t\t\t\t<\/div>\n\t\t\t\t<div class=\"elementor-element elementor-element-7e3b0d6 elementor-align-center elementor-widget elementor-widget-button\" data-id=\"7e3b0d6\" data-element_type=\"widget\" data-e-type=\"widget\" data-widget_type=\"button.default\">\n\t\t\t\t<div class=\"elementor-widget-container\">\n\t\t\t\t\t\t\t\t\t<div class=\"elementor-button-wrapper\">\n\t\t\t\t\t<a class=\"elementor-button elementor-button-link elementor-size-sm\" href=\"https:\/\/bfan.link\/krasnoyarskirkoutsk\">\n\t\t\t\t\t\t<span class=\"elementor-button-content-wrapper\">\n\t\t\t\t\t\t\t\t\t<span class=\"elementor-button-text\">Ecoutez le single : Krasnoyarsk Irkoutsk<\/span>\n\t\t\t\t\t<\/span>\n\t\t\t\t\t<\/a>\n\t\t\t\t<\/div>\n\t\t\t\t\t\t\t\t<\/div>\n\t\t\t\t<\/div>\n\t\t\t\t<div class=\"elementor-element elementor-element-1789a2f elementor-widget elementor-widget-image\" data-id=\"1789a2f\" data-element_type=\"widget\" data-e-type=\"widget\" data-widget_type=\"image.default\">\n\t\t\t\t<div class=\"elementor-widget-container\">\n\t\t\t\t\t\t\t\t\t\t\t\t\t\t\t<img decoding=\"async\" src=\"https:\/\/martheofficial.com\/wp-content\/uploads\/sites\/8\/2021\/11\/Liturgie-profane-8_web-scaled.jpg\" title=\"\" alt=\"\" loading=\"lazy\" \/>\t\t\t\t\t\t\t\t\t\t\t\t\t\t\t<\/div>\n\t\t\t\t<\/div>\n\t\t\t\t\t<\/div>\n\t\t<\/div>\n\t\t\t\t\t<\/div>\n\t\t<\/section>\n\t\t\t\t<\/div>\n\t\t","protected":false},"excerpt":{"rendered":"<p>LITURGIE PROFANE &#8211; LES VOIX DE L&rsquo;OURAL \u00ab\u00a0Nous avons confront\u00e9 notre musique planante \u00e0 l\u2019\u00e9nergie rock, compos\u00e9e de m\u00e9lodies orientales, de rythmiques impaires \u00e0 ces voix qui chantent la vie et les saisons. La cr\u00e9ation qui nous associe au trio Verbnoe Voskresenie et \u00e0 Thomas Brosset s&rsquo;est d\u00e9roul\u00e9e pour le festival des D\u00e9tours de Babel [&hellip;]<\/p>\n","protected":false},"author":2,"featured_media":0,"parent":0,"menu_order":0,"comment_status":"closed","ping_status":"closed","template":"","meta":{"ocean_post_layout":"","ocean_both_sidebars_style":"","ocean_both_sidebars_content_width":0,"ocean_both_sidebars_sidebars_width":0,"ocean_sidebar":"0","ocean_second_sidebar":"0","ocean_disable_margins":"enable","ocean_add_body_class":"","ocean_shortcode_before_top_bar":"","ocean_shortcode_after_top_bar":"","ocean_shortcode_before_header":"","ocean_shortcode_after_header":"","ocean_has_shortcode":"","ocean_shortcode_after_title":"","ocean_shortcode_before_footer_widgets":"","ocean_shortcode_after_footer_widgets":"","ocean_shortcode_before_footer_bottom":"","ocean_shortcode_after_footer_bottom":"","ocean_display_top_bar":"default","ocean_display_header":"default","ocean_header_style":"","ocean_center_header_left_menu":"0","ocean_custom_header_template":"0","ocean_custom_logo":0,"ocean_custom_retina_logo":0,"ocean_custom_logo_max_width":0,"ocean_custom_logo_tablet_max_width":0,"ocean_custom_logo_mobile_max_width":0,"ocean_custom_logo_max_height":0,"ocean_custom_logo_tablet_max_height":0,"ocean_custom_logo_mobile_max_height":0,"ocean_header_custom_menu":"0","ocean_menu_typo_font_family":"0","ocean_menu_typo_font_subset":"","ocean_menu_typo_font_size":0,"ocean_menu_typo_font_size_tablet":0,"ocean_menu_typo_font_size_mobile":0,"ocean_menu_typo_font_size_unit":"px","ocean_menu_typo_font_weight":"","ocean_menu_typo_font_weight_tablet":"","ocean_menu_typo_font_weight_mobile":"","ocean_menu_typo_transform":"","ocean_menu_typo_transform_tablet":"","ocean_menu_typo_transform_mobile":"","ocean_menu_typo_line_height":0,"ocean_menu_typo_line_height_tablet":0,"ocean_menu_typo_line_height_mobile":0,"ocean_menu_typo_line_height_unit":"","ocean_menu_typo_spacing":0,"ocean_menu_typo_spacing_tablet":0,"ocean_menu_typo_spacing_mobile":0,"ocean_menu_typo_spacing_unit":"","ocean_menu_link_color":"","ocean_menu_link_color_hover":"","ocean_menu_link_color_active":"","ocean_menu_link_background":"","ocean_menu_link_hover_background":"","ocean_menu_link_active_background":"","ocean_menu_social_links_bg":"","ocean_menu_social_hover_links_bg":"","ocean_menu_social_links_color":"","ocean_menu_social_hover_links_color":"","ocean_disable_title":"default","ocean_disable_heading":"default","ocean_post_title":"","ocean_post_subheading":"","ocean_post_title_style":"","ocean_post_title_background_color":"","ocean_post_title_background":0,"ocean_post_title_bg_image_position":"","ocean_post_title_bg_image_attachment":"","ocean_post_title_bg_image_repeat":"","ocean_post_title_bg_image_size":"","ocean_post_title_height":0,"ocean_post_title_bg_overlay":0.5,"ocean_post_title_bg_overlay_color":"","ocean_disable_breadcrumbs":"default","ocean_breadcrumbs_color":"","ocean_breadcrumbs_separator_color":"","ocean_breadcrumbs_links_color":"","ocean_breadcrumbs_links_hover_color":"","ocean_display_footer_widgets":"default","ocean_display_footer_bottom":"default","ocean_custom_footer_template":"0","_themeisle_gutenberg_block_has_review":false,"footnotes":""},"class_list":["post-100","page","type-page","status-publish","hentry","entry"],"_links":{"self":[{"href":"https:\/\/martheofficial.com\/index.php?rest_route=\/wp\/v2\/pages\/100","targetHints":{"allow":["GET"]}}],"collection":[{"href":"https:\/\/martheofficial.com\/index.php?rest_route=\/wp\/v2\/pages"}],"about":[{"href":"https:\/\/martheofficial.com\/index.php?rest_route=\/wp\/v2\/types\/page"}],"author":[{"embeddable":true,"href":"https:\/\/martheofficial.com\/index.php?rest_route=\/wp\/v2\/users\/2"}],"replies":[{"embeddable":true,"href":"https:\/\/martheofficial.com\/index.php?rest_route=%2Fwp%2Fv2%2Fcomments&post=100"}],"version-history":[{"count":0,"href":"https:\/\/martheofficial.com\/index.php?rest_route=\/wp\/v2\/pages\/100\/revisions"}],"wp:attachment":[{"href":"https:\/\/martheofficial.com\/index.php?rest_route=%2Fwp%2Fv2%2Fmedia&parent=100"}],"curies":[{"name":"wp","href":"https:\/\/api.w.org\/{rel}","templated":true}]}}